{"id":18172,"date":"2026-04-04T13:45:01","date_gmt":"2026-04-04T16:45:01","guid":{"rendered":"https:\/\/prefeituramacuco.rj.gov.br\/novo\/?page_id=18172"},"modified":"2026-04-04T14:33:38","modified_gmt":"2026-04-04T17:33:38","slug":"assessoria-juridica","status":"publish","type":"page","link":"https:\/\/prefeituramacuco.rj.gov.br\/novo\/assessoria-juridica\/","title":{"rendered":"Assessoria Jur\u00eddica"},"content":{"rendered":"<p>Informa\u00e7\u00f5es da Assessoria Jur\u00eddica aqui.<\/p>\n","protected":false},"excerpt":{"rendered":"<p>Informa\u00e7\u00f5es da Assessoria Jur\u00eddica aqui.<\/p>\n","protected":false},"author":1,"featured_media":0,"parent":0,"menu_order":0,"comment_status":"closed","ping_status":"closed","template":"","meta":{"footnotes":""},"class_list":["post-18172","page","type-page","status-publish","hentry"],"_links":{"self":[{"href":"https:\/\/prefeituramacuco.rj.gov.br\/novo\/wp-json\/wp\/v2\/pages\/18172","targetHints":{"allow":["GET"]}}],"collection":[{"href":"https:\/\/prefeituramacuco.rj.gov.br\/novo\/wp-json\/wp\/v2\/pages"}],"about":[{"href":"https:\/\/prefeituramacuco.rj.gov.br\/novo\/wp-json\/wp\/v2\/types\/page"}],"author":[{"embeddable":true,"href":"https:\/\/prefeituramacuco.rj.gov.br\/novo\/wp-json\/wp\/v2\/users\/1"}],"replies":[{"embeddable":true,"href":"https:\/\/prefeituramacuco.rj.gov.br\/novo\/wp-json\/wp\/v2\/comments?post=18172"}],"version-history":[{"count":3,"href":"https:\/\/prefeituramacuco.rj.gov.br\/novo\/wp-json\/wp\/v2\/pages\/18172\/revisions"}],"predecessor-version":[{"id":18412,"href":"https:\/\/prefeituramacuco.rj.gov.br\/novo\/wp-json\/wp\/v2\/pages\/18172\/revisions\/18412"}],"wp:attachment":[{"href":"https:\/\/prefeituramacuco.rj.gov.br\/novo\/wp-json\/wp\/v2\/media?parent=18172"}],"curies":[{"name":"wp","href":"https:\/\/api.w.org\/{rel}","templated":true}]}}