{"id":18218,"date":"2026-04-04T13:57:48","date_gmt":"2026-04-04T16:57:48","guid":{"rendered":"https:\/\/prefeituramacuco.rj.gov.br\/novo\/?page_id=18218"},"modified":"2026-04-06T12:16:50","modified_gmt":"2026-04-06T15:16:50","slug":"nfs-e-e-deiss","status":"publish","type":"page","link":"https:\/\/prefeituramacuco.rj.gov.br\/novo\/nfs-e-e-deiss\/","title":{"rendered":"NFS-e e DEISS"},"content":{"rendered":"<p><a class=\"nfse\" href=\"https:\/\/webapp1-macuco.cidade360.cloud\/NFSE.PORTAL\/\" target=\"_blank\" rel=\"noopener noreferrer\"><i class=\"fas fa-receipt\" style=\"solid\"><\/i> NFS-e<\/a><br \/>\n<a class=\"nfse\" href=\"https:\/\/webapp1-macuco.cidade360.cloud:8443\/deiss\" target=\"_blank\" rel=\"noopener noreferrer\"><i class=\"fas fa-file-lines\" style=\"solid\"><\/i> DEISS<\/a><br \/>\n<a class=\"nfse\" href=\"https:\/\/webapp1-macuco.cidade360.cloud\/NFSE.PORTAL\/Ajuda\/Tutorial%20Externo\/index.htm#t=Apresentacao.htm\" target=\"_blank\" rel=\"noopener noreferrer\"><i class=\"fas fa-circle-question\" style=\"solid\"><\/i> Manuais<\/a><\/p>\n<div class=\"article-title\">\n<h1>Legisla\u00e7\u00e3o<\/h1>\n<\/div>\n<p><a href=\"docs\/decreto936.pdf\" target=\"_blank\" rel=\"noopener noreferrer\">Decreto 936\/2017<\/a> &#8211; Regulamenta a Lei 613\/2012 quanto a gera\u00e7\u00e3o da Nota Fiscal de Servi\u00e7os Eletr\u00f4nica (NFS-e), da Declara\u00e7\u00e3o Eletr\u00f4nica do ISS, em observa\u00e7\u00e3o \u00e0 Legisla\u00e7\u00e3o Nacional e Municipal, bem como em conson\u00e2ncia com o artigo 4\u00ba, da Lei 8.078, de 11 de setembro de 1.990, conhecida como C\u00f3digo de Defesa do Consumidor (CDC), e d\u00e1 outras provid\u00eancias.<\/p>\n<hr \/>\n<p><a href=\"docs\/decreto660.pdf\" target=\"_blank\" rel=\"noopener noreferrer\">Decreto Deiss 660\/2012<\/a> &#8211; \u201cREGULAMENTA A DECLARA\u00c7\u00c3O ELETR\u00d4NICA DE SERVI\u00c7OS &#8211; DES, INSTITU\u00cdDA PELA LEI MUNICIPAL N\u00b0 613<\/p>\n<hr \/>\n<p><a href=\"http:\/\/cmmacuco.rj.gov.br\/docs\/LEIS\/2012\/Lei613.pdf\" target=\"_blank\" rel=\"noopener noreferrer\">Lei 613\/2012<\/a> &#8211; \u201cINSTITUI A NOTA FISCAL DE SERVI\u00c7OS ELETR\u00d4NICA &#8211; NFS-e, A FERRAMENTA DE DECLARA\u00c7\u00c3O ELETR\u00d4NICA DE SERVI\u00c7OS &#8211; DES, E D\u00c1 OUTRAS PROVID\u00caNCIAS\u201d.<\/p>\n<hr \/>\n<p><a href=\"..\/transparencia\/arquivos\/lei\/2021\/LeiComplementar013.pdf\" target=\"_blank\" rel=\"noopener noreferrer\">Lei Complementar Municipal n\u00ba 013\/2021<\/a>\u00a0&#8211; SUBSTITUI E REVOGA A LEI COMPLEMENTAR N\u00ba 004\/2005, BEM COMO REVOGA-SE A LEI MUNICIPAL N\u00ba 163\/01, INSTITUINDO\u00a0NO MUNIC\u00cdPIO DE MACUCO O C\u00d3DIGO TRIBUT\u00c1RIO QUE DISP\u00d5E SOBRE O IMPOSTO SOBRE SERVI\u00c7O DE QUALQUER NATUREZA.<\/p>\n<hr \/>\n<p><a href=\"docs\/LCP 116 de 31-07-2003 (ISSQN).pdf\" target=\"_blank\" rel=\"noopener noreferrer\">LCP 116 de 31 de julho de 2003<\/a> &#8211; Disp\u00f5e sobre o Imposto Sobre Servi\u00e7os de Qualquer Natureza, de compet\u00eancia dos Munic\u00edpios e do Distrito Federal, e d\u00e1 outras provid\u00eancias.<\/p>\n<hr \/>\n<p><a href=\"http:\/\/www.camara.gov.br\/sileg\/integras\/743756.pdf\" target=\"_blank\" rel=\"noopener noreferrer\">LEI COMPLEMENTAR N\u00ba 123, DE 14 DE DEZEMBRO DE 2006<\/a> &#8211; Institui o Estatuto Nacional da Microempresa e da Empresa de Pequeno Porte; altera dispositivos das Leis no 8.212 e 8.213, ambas de 24 de julho de 1991, da Consolida\u00e7\u00e3o das Leis do Trabalho &#8211; CLT, aprovada pelo Decreto-Lei no 5.452, de 1o de maio de 1943, da Lei no 10.189, de 14 de fevereiro de 2001, da Lei Complementar no 63, de 11 de janeiro de 1990; e revoga as Leis no 9.317, de 5 de dezembro de 1996, e 9.841, de 5 de outubro de 1999.<\/p>\n<hr \/>\n<p><a href=\"docs\/LC 139-2011 amplia simples nacional.pdf\" target=\"_blank\" rel=\"noopener noreferrer\">LC 139 de 10 de novembro de 2011<\/a> \u2013 Altera dispositivos da Lei Complementar no 123, de 14 de dezembro de 2006, e d\u00e1 outras provid\u00eancias.<\/p>\n<hr \/>\n<p><a href=\"http:\/\/www.planalto.gov.br\/ccivil_03\/leis\/lcp\/Lcp157.htm\" target=\"_blank\" rel=\"noopener noreferrer\">LEI COMPLEMENTAR N\u00ba 157, DE 29 DE DEZEMBRO DE 2016<\/a> &#8211; Altera a Lei Complementar no 116, de 31 de julho de 2003, que disp\u00f5e sobre o Imposto Sobre Servi\u00e7os de Qualquer Natureza, a Lei no 8.429, de 2 de junho de 1992 (Lei de Improbidade Administrativa), e a Lei Complementar no 63, de 11 de janeiro de 1990, que \u201cdisp\u00f5e sobre crit\u00e9rios e prazos de cr\u00e9dito das parcelas do produto da arrecada\u00e7\u00e3o de impostos de compet\u00eancia dos Estados e de transfer\u00eancias por estes recebidos, pertencentes aos Munic\u00edpios, e d\u00e1 outras provid\u00eancias\u201d.<\/p>\n<hr \/>\n<div class=\"article-title\">\n<h1>Manuais<\/h1>\n<\/div>\n<p><a href=\"https:\/\/abrasf.org.br\/biblioteca\/arquivos-publicos\/nfs-e-modelo-conceitual-versao-2-03-alteracoes\/viewdocument\/57\" target=\"_blank\" rel=\"noopener noreferrer\">Modelo Conceitual<\/a><br \/>\n<a href=\"https:\/\/abrasf.org.br\/biblioteca\/arquivos-publicos\/nfs-e-manual-de-integracao-versao-2-03-alteracoes\/viewdocument\/55\" target=\"_blank\" rel=\"noopener noreferrer\">Manual de Integra\u00e7\u00e3o<\/a><br \/>\n<a href=\"https:\/\/abrasf.org.br\/biblioteca\/arquivos-publicos\/nfs-e-manual-de-orientacao-do-contribuinte-2-03\/viewdocument\/56\" target=\"_blank\" rel=\"noopener noreferrer\">Manual de orienta\u00e7\u00e3o ao contribuinte<\/a><br \/>\n<a href=\"docs\/Manual da NFSE.pdf\" target=\"_blank\" rel=\"noopener noreferrer\">Manual NFSe &#8211; Prestadores de Servi\u00e7o <\/a><br \/>\n<a href=\"docs\/Manual DEISSContadores.pdf\" target=\"_blank\" rel=\"noopener noreferrer\">Manual DEISS Contadores<\/a><br \/>\n<a href=\"docs\/schema_xml_nfs-e_ v2.03.zip\" target=\"\">Modelo XML<br \/>\n<\/a><a href=\"https:\/\/abrasf.org.br\/biblioteca\/arquivos-publicos\/nfs-e\/versao-2-03\" target=\"_blank\" rel=\"noopener noreferrer\">Maiores orienta\u00e7\u00f5es<\/a><\/p>\n","protected":false},"excerpt":{"rendered":"<p>NFS-e DEISS Manuais Legisla\u00e7\u00e3o Decreto 936\/2017 &#8211; Regulamenta a Lei 613\/2012 quanto a gera\u00e7\u00e3o da Nota Fiscal de Servi\u00e7os Eletr\u00f4nica (NFS-e), da Declara\u00e7\u00e3o Eletr\u00f4nica do ISS, em observa\u00e7\u00e3o \u00e0 Legisla\u00e7\u00e3o Nacional e Municipal, bem como em conson\u00e2ncia com o artigo 4\u00ba, da Lei 8.078, de 11 de setembro de 1.990, conhecida como C\u00f3digo de Defesa [&hellip;]<\/p>\n","protected":false},"author":1,"featured_media":0,"parent":0,"menu_order":0,"comment_status":"closed","ping_status":"closed","template":"","meta":{"footnotes":""},"class_list":["post-18218","page","type-page","status-publish","hentry"],"_links":{"self":[{"href":"https:\/\/prefeituramacuco.rj.gov.br\/novo\/wp-json\/wp\/v2\/pages\/18218","targetHints":{"allow":["GET"]}}],"collection":[{"href":"https:\/\/prefeituramacuco.rj.gov.br\/novo\/wp-json\/wp\/v2\/pages"}],"about":[{"href":"https:\/\/prefeituramacuco.rj.gov.br\/novo\/wp-json\/wp\/v2\/types\/page"}],"author":[{"embeddable":true,"href":"https:\/\/prefeituramacuco.rj.gov.br\/novo\/wp-json\/wp\/v2\/users\/1"}],"replies":[{"embeddable":true,"href":"https:\/\/prefeituramacuco.rj.gov.br\/novo\/wp-json\/wp\/v2\/comments?post=18218"}],"version-history":[{"count":6,"href":"https:\/\/prefeituramacuco.rj.gov.br\/novo\/wp-json\/wp\/v2\/pages\/18218\/revisions"}],"predecessor-version":[{"id":18434,"href":"https:\/\/prefeituramacuco.rj.gov.br\/novo\/wp-json\/wp\/v2\/pages\/18218\/revisions\/18434"}],"wp:attachment":[{"href":"https:\/\/prefeituramacuco.rj.gov.br\/novo\/wp-json\/wp\/v2\/media?parent=18218"}],"curies":[{"name":"wp","href":"https:\/\/api.w.org\/{rel}","templated":true}]}}