{"id":18296,"date":"2026-04-04T14:20:25","date_gmt":"2026-04-04T17:20:25","guid":{"rendered":"https:\/\/prefeituramacuco.rj.gov.br\/novo\/?page_id=18296"},"modified":"2026-04-04T14:30:55","modified_gmt":"2026-04-04T17:30:55","slug":"politica-de-acessibilidade","status":"publish","type":"page","link":"https:\/\/prefeituramacuco.rj.gov.br\/novo\/politica-de-acessibilidade\/","title":{"rendered":"Declara\u00e7\u00e3o de Acessibilidade da Prefeitura de Macuco"},"content":{"rendered":"<h1>Declara\u00e7\u00e3o de acessibilidade da Prefeitura de Macuco<\/h1>\n<p> Atualizado: abril de 2026. <\/p>\n<h2>Geral<\/h2>\n<p>A Prefeitura de Macuco se esfor\u00e7a para garantir que seus servi\u00e7os sejam acess\u00edveis \u00e0s pessoas com defici\u00eancia. A Prefeitura de Macuco investiu uma quantidade significativa de recursos para ajudar a garantir que seu site seja mais f\u00e1cil de usar e mais acess\u00edvel para pessoas com defici\u00eancia, com a forte convic\u00e7\u00e3o de que todas as pessoas t\u00eam o direito de viver com dignidade, igualdade, conforto e independ\u00eancia.<\/p>\n<h2>A acessibilidade no prefeituramacuco.rj.gov.br<\/h2>\n<p>prefeituramacuco.rj.gov.br disponibiliza o Widget de acessibilidade do site <a title=\"Free Website Accessibility Widget\" href=\"https:\/\/UserWay.org\">UserWay<\/a> que \u00e9 alimentado por um servidor de acessibilidade dedicado. O software permite que o nosso website melhore sua conformidade com as Diretrizes de acessibilidade de conte\u00fado da Web (WCAG 2.1).<\/p>\n<h2>Ativa\u00e7\u00e3o do menu de acessibilidade<\/h2>\n<p>O menu de acessibilidade do nosso website pode ser ativado clicando no \u00edcone do menu de acessibilidade que aparece no canto da p\u00e1gina. Depois de acionar o menu de acessibilidade, aguarde um momento at\u00e9 que o mesmo seja carregado por completo.<\/p>\n<h2>Declara\u00e7\u00e3o<\/h2>\n<p>A Prefeitura de Macuco continua seus esfor\u00e7os para melhorar constantemente a acessibilidade de seu site e servi\u00e7os, acreditando que \u00e9 nossa obriga\u00e7\u00e3o moral coletiva permitir o uso cont\u00ednuo, acess\u00edvel e sem impedimentos tamb\u00e9m para aqueles com defici\u00eancia. <\/p>\n<p> Em um esfor\u00e7o cont\u00ednuo para melhorar e corrigir continuamente os problemas de acessibilidade, tamb\u00e9m fazemos a varredura regular do nosso website com o Scanner de Acessibilidade da <a title=\"Free Website Accessibility Scanner\" href=\"https:\/\/UserWay.org\/scanner\">UserWay<\/a> para identificar e corrigir todas as barreiras de acessibilidade poss\u00edveis em nosso site. Apesar de nossos esfor\u00e7os para tornar todas as p\u00e1ginas e o conte\u00fado do prefeituramacuco.rj.gov.br totalmente acess\u00edveis, alguns conte\u00fados ainda n\u00e3o foram totalmente adaptados aos mais r\u00edgidos padr\u00f5es de acessibilidade. Isso pode ser resultado de n\u00e3o ter encontrado ou identificado a solu\u00e7\u00e3o tecnol\u00f3gica mais apropriada.<\/p>\n<h2>Aqui para voc\u00ea<\/h2>\n<p>Se estiver enfrentando dificuldades com algum conte\u00fado do nosso site ou precisar de assist\u00eancia com qualquer parte do nosso site, entre em contato conosco durante o hor\u00e1rio comercial normal, conforme detalhado abaixo, e teremos o maior prazer em ajud\u00e1-lo.<\/p>\n<h2>Fale conosco<\/h2>\n<p>Se voc\u00ea deseja relatar um problema de acessibilidade, tiver alguma d\u00favida ou precisar de assist\u00eancia, entre em contato com o Suporte ao Cliente da Prefeitura de Macuco da seguinte maneira: Acessando o E-SIC <\/p>\n<p> Email: <a href=\"mailto:webmaster@prefeituramacuco.rj.gov.br\">webmaster@prefeituramacuco.rj.gov.br<\/a><br \/> Telefone: (22) 2554-9100  <\/p>\n","protected":false},"excerpt":{"rendered":"<p>Declara\u00e7\u00e3o de acessibilidade da Prefeitura de Macuco Atualizado: abril de 2026. Geral A Prefeitura de Macuco se esfor\u00e7a para garantir que seus servi\u00e7os sejam acess\u00edveis \u00e0s pessoas com defici\u00eancia. A Prefeitura de Macuco investiu uma quantidade significativa de recursos para ajudar a garantir que seu site seja mais f\u00e1cil de usar e mais acess\u00edvel para [&hellip;]<\/p>\n","protected":false},"author":1,"featured_media":0,"parent":0,"menu_order":0,"comment_status":"closed","ping_status":"closed","template":"","meta":{"footnotes":""},"class_list":["post-18296","page","type-page","status-publish","hentry"],"_links":{"self":[{"href":"https:\/\/prefeituramacuco.rj.gov.br\/novo\/wp-json\/wp\/v2\/pages\/18296","targetHints":{"allow":["GET"]}}],"collection":[{"href":"https:\/\/prefeituramacuco.rj.gov.br\/novo\/wp-json\/wp\/v2\/pages"}],"about":[{"href":"https:\/\/prefeituramacuco.rj.gov.br\/novo\/wp-json\/wp\/v2\/types\/page"}],"author":[{"embeddable":true,"href":"https:\/\/prefeituramacuco.rj.gov.br\/novo\/wp-json\/wp\/v2\/users\/1"}],"replies":[{"embeddable":true,"href":"https:\/\/prefeituramacuco.rj.gov.br\/novo\/wp-json\/wp\/v2\/comments?post=18296"}],"version-history":[{"count":2,"href":"https:\/\/prefeituramacuco.rj.gov.br\/novo\/wp-json\/wp\/v2\/pages\/18296\/revisions"}],"predecessor-version":[{"id":18336,"href":"https:\/\/prefeituramacuco.rj.gov.br\/novo\/wp-json\/wp\/v2\/pages\/18296\/revisions\/18336"}],"wp:attachment":[{"href":"https:\/\/prefeituramacuco.rj.gov.br\/novo\/wp-json\/wp\/v2\/media?parent=18296"}],"curies":[{"name":"wp","href":"https:\/\/api.w.org\/{rel}","templated":true}]}}