{"id":18413,"date":"2026-04-06T11:53:10","date_gmt":"2026-04-06T14:53:10","guid":{"rendered":"https:\/\/prefeituramacuco.rj.gov.br\/novo\/?page_id=18413"},"modified":"2026-04-06T23:37:57","modified_gmt":"2026-04-07T02:37:57","slug":"acesso-rapido","status":"publish","type":"page","link":"https:\/\/prefeituramacuco.rj.gov.br\/novo\/acesso-rapido\/","title":{"rendered":"Acesso R\u00e1pido"},"content":{"rendered":"<div class=\"row\">\n<div class=\"col-6 col-lg-4\">\n                <a href=\"https:\/\/prefeituramacuco.rj.gov.br\/transparencia\/\" target=\"_blank\" alt=\"Sistema de Transpar\u00eancia\"><\/p>\n<div class=\"caixa-acesso\">\n                        <i class=\"fas fa-magnifying-glass-chart\" style=\"solid\"><\/i> Transpar\u00eancia\n                    <\/div>\n<p>                <\/a>\n            <\/div>\n<div class=\"col-6 col-lg-4\">\n                <a href=\"https:\/\/prefeituramacuco.rj.gov.br\/transparencia\/licitacao\/aviso\" target=\"_blank\" alt=\"Aviso de Licita\u00e7\u00f5es\"><\/p>\n<div class=\"caixa-acesso\">\n                        <i class=\"fas fa-bullhorn\" style=\"solid\"><\/i> Avisos de Licita\u00e7\u00f5es\n                    <\/div>\n<p>                <\/a>\n            <\/div>\n<div class=\"col-6 col-lg-4\">\n                <a href=\"https:\/\/prefeituramacuco.rj.gov.br\/transparencia\/diario\" target=\"_blank\" alt=\"Di\u00e1rio Oficial Eletr\u00f4nico\"><\/p>\n<div class=\"caixa-acesso\">\n                        <i class=\"fas fa-book\" style=\"solid\"><\/i> Di\u00e1rio Oficial Eletr\u00f4nico\n                    <\/div>\n<p>                <\/a>\n            <\/div>\n<div class=\"col-6 col-lg-4\">\n                <a href=\"https:\/\/prefeituramacuco.rj.gov.br\/transparencia\/leis\/municipais\" target=\"_blank\" alt=\"Legisla\u00e7\u00e3o Municipal\"><\/p>\n<div class=\"caixa-acesso\">\n                        <i class=\"fas fa-scale-balanced\" style=\"solid\"><\/i> Legisla\u00e7\u00e3o Municipal\n                    <\/div>\n<p>                <\/a>\n            <\/div>\n<div class=\"col-6 col-lg-4\">\n                <a href=\"https:\/\/prefeituramacuco.rj.gov.br\/esic\" target=\"_blank\" alt=\"Sistema de Informa\u00e7\u00e3o ao Cidad\u00e3o\"><\/p>\n<div class=\"caixa-acesso\">\n                        <i class=\"fas fa-circle-info\" style=\"solid\"><\/i> E-SIC\n                    <\/div>\n<p>                <\/a>\n            <\/div>\n<div class=\"col-6 col-lg-4\">\n                <a href=\"https:\/\/prefeituramacuco.rj.gov.br\/transparencia\/ouvidoria\" target=\"_blank\" alt=\"Ouvidoria\"><\/p>\n<div class=\"caixa-acesso\">\n                        <i class=\"fas fa-ear-listen\" style=\"solid\"><\/i> Ouvidoria\n                    <\/div>\n<p>                <\/a>\n            <\/div>\n<div class=\"col-6 col-lg-4\">\n                <a href=\"https:\/\/prefeituramacuco.rj.gov.br\/novo\/nfs-e-e-deiss\/\" target=\"_blank\" alt=\"Nota Fiscal Eletr\u00f4nica\"><\/p>\n<div class=\"caixa-acesso\">\n                        <i class=\"fas fa-percent\" style=\"solid\"><\/i> NFS-e e DEISS\n                    <\/div>\n<p>                <\/a>\n            <\/div>\n<div class=\"col-6 col-lg-4\">\n                <a href=\"https:\/\/webapp1-macuco.cidade360.cloud:8443\/cidadao\" target=\"_blank\" alt=\"AR Cidad\u00e3o\"><\/p>\n<div class=\"caixa-acesso\">\n                        <i class=\"fas fa-users\" style=\"solid\"><\/i> Atendimento ao Cidad\u00e3o &#8211; Tributos\n                    <\/div>\n<p>                <\/a>\n            <\/div>\n<div class=\"col-6 col-lg-4\">\n                <a href=\"https:\/\/www.jucerja.rj.gov.br\/\" target=\"_blank\" alt=\"JUCERJA\"><\/p>\n<div class=\"caixa-acesso\">\n                        <i class=\"fas fa-shop\" style=\"solid\"><\/i> JUCERJA\n                    <\/div>\n<p>                <\/a>\n            <\/div>\n<div class=\"col-6 col-lg-4\">\n                <a href=\"https:\/\/webapp1-macuco.cidade360.cloud\/ps#\/\" target=\"_blank\" alt=\"Contra-Cheque Online\"><\/p>\n<div class=\"caixa-acesso\">\n                        <i class=\"fas fa-money-bill-transfer\" style=\"solid\"><\/i> Contra-cheque Online\n                    <\/div>\n<p>                <\/a>\n            <\/div>\n<div class=\"col-6 col-lg-4\">\n                <a href=\"https:\/\/prefeituramacuco.rj.gov.br\/especificacoes\/\" target=\"_blank\" alt=\"Solicita\u00e7\u00e3o de Especifica\u00e7\u00f5es T\u00e9cnicas  de Equipamentos e Materiais de TIC\"><\/p>\n<div class=\"caixa-acesso\">\n                        <i class=\"fas fa-computer\" style=\"solid\"><\/i> Solicita\u00e7\u00e3o de Especifica\u00e7\u00f5es T\u00e9cnicas de Equipamentos e Materiais de TIC\n                    <\/div>\n<p>                <\/a>\n            <\/div>\n<div class=\"col-6 col-lg-4\">\n                <a href=\"https:\/\/prefeituramacuco.rj.gov.br\/saladoempreendedor\/\" target=\"_blank\" alt=\"Sala do Empreendedor Macuco - RJ\"><\/p>\n<div class=\"caixa-acesso\">\n                        <i class=\"fas fa-user-tie\" style=\"solid\"><\/i> Sala do Empreendedor\n                    <\/div>\n<p>                <\/a>\n            <\/div>\n<div class=\"col-6 col-lg-4\">\n                <a href=\"https:\/\/prefeituramacuco.rj.gov.br\/novo\/noticias\" target=\"_blank\" alt=\"Not\u00edcias\"><\/p>\n<div class=\"caixa-acesso\">\n                        <i class=\"fas fa-newspaper\" style=\"solid\"><\/i> Not\u00edcias\n                    <\/div>\n<p>                <\/a>\n            <\/div>\n<div class=\"col-6 col-lg-4\">\n                <a href=\"https:\/\/fb.com\/prefsmacuco\" target=\"_blank\" alt=\"Nossa p\u00e1gina no Facebook\"><\/p>\n<div class=\"caixa-acesso\">\n                        <i class=\"fab fa-facebook\" style=\"brands\"><\/i> Facebook\n                    <\/div>\n<p>                <\/a>\n            <\/div>\n<div class=\"col-6 col-lg-4\">\n                <a href=\"https:\/\/instagram.com\/prefmacuco\" target=\"_blank\" alt=\"Nosso perfil no Instagram\"><\/p>\n<div class=\"caixa-acesso\">\n                        <i class=\"fab fa-instagram\" style=\"brands\"><\/i> Instagram\n                    <\/div>\n<p>                <\/a>\n            <\/div>\n<div class=\"col-6 col-lg-4\">\n                <a href=\"https:\/\/radardatransparencia.atricon.org.br\/\" target=\"_blank\" alt=\"Radar da Transpar\u00eancia P\u00fablica\"><\/p>\n<div class=\"caixa-acesso\">\n                        <i class=\"fas fa-satellite-dish\" style=\"solid\"><\/i> Radar da Transpar\u00eancia\n                    <\/div>\n<p>                <\/a>\n            <\/div>\n<div class=\"col-6 col-lg-4\">\n                <a href=\"https:\/\/cmmacuco.rj.gov.br\/cmm\/\" target=\"_blank\" alt=\"Site da C\u00e2mara Municipal\"><\/p>\n<div class=\"caixa-acesso\">\n                        <i class=\"fas fa-building-columns\" style=\"solid\"><\/i> C\u00e2mara Municipal\n                    <\/div>\n<p>                <\/a>\n            <\/div>\n<div class=\"col-6 col-lg-4\">\n                <a href=\"http:\/\/www.rj.gov.br\/\" target=\"_blank\" alt=\"Site do Governo Estadual do Rio de Janeiro\"><\/p>\n<div class=\"caixa-acesso\">\n                        <i class=\"fas fa-landmark-dome\" style=\"solid\"><\/i> Governo do Rio\n                    <\/div>\n<p>                <\/a>\n            <\/div>\n<\/div>\n","protected":false},"excerpt":{"rendered":"<p>Transpar\u00eancia Avisos de Licita\u00e7\u00f5es Di\u00e1rio Oficial Eletr\u00f4nico Legisla\u00e7\u00e3o Municipal E-SIC Ouvidoria NFS-e e DEISS Atendimento ao Cidad\u00e3o &#8211; Tributos JUCERJA Contra-cheque Online Solicita\u00e7\u00e3o de Especifica\u00e7\u00f5es T\u00e9cnicas de Equipamentos e Materiais de TIC Sala do Empreendedor Not\u00edcias Facebook Instagram Radar da Transpar\u00eancia C\u00e2mara Municipal Governo do Rio<\/p>\n","protected":false},"author":1,"featured_media":0,"parent":0,"menu_order":0,"comment_status":"closed","ping_status":"closed","template":"","meta":{"footnotes":""},"class_list":["post-18413","page","type-page","status-publish","hentry"],"_links":{"self":[{"href":"https:\/\/prefeituramacuco.rj.gov.br\/novo\/wp-json\/wp\/v2\/pages\/18413","targetHints":{"allow":["GET"]}}],"collection":[{"href":"https:\/\/prefeituramacuco.rj.gov.br\/novo\/wp-json\/wp\/v2\/pages"}],"about":[{"href":"https:\/\/prefeituramacuco.rj.gov.br\/novo\/wp-json\/wp\/v2\/types\/page"}],"author":[{"embeddable":true,"href":"https:\/\/prefeituramacuco.rj.gov.br\/novo\/wp-json\/wp\/v2\/users\/1"}],"replies":[{"embeddable":true,"href":"https:\/\/prefeituramacuco.rj.gov.br\/novo\/wp-json\/wp\/v2\/comments?post=18413"}],"version-history":[{"count":7,"href":"https:\/\/prefeituramacuco.rj.gov.br\/novo\/wp-json\/wp\/v2\/pages\/18413\/revisions"}],"predecessor-version":[{"id":18675,"href":"https:\/\/prefeituramacuco.rj.gov.br\/novo\/wp-json\/wp\/v2\/pages\/18413\/revisions\/18675"}],"wp:attachment":[{"href":"https:\/\/prefeituramacuco.rj.gov.br\/novo\/wp-json\/wp\/v2\/media?parent=18413"}],"curies":[{"name":"wp","href":"https:\/\/api.w.org\/{rel}","templated":true}]}}